{"id":321,"date":"2020-07-03T18:03:09","date_gmt":"2020-07-03T16:03:09","guid":{"rendered":"https:\/\/msdemystify.com\/blog\/?page_id=321"},"modified":"2024-02-18T22:13:51","modified_gmt":"2024-02-18T21:13:51","slug":"o-meni-2","status":"publish","type":"page","link":"https:\/\/msdemystify.com\/blog\/sl\/o-meni-2\/","title":{"rendered":"O Ms. Demystify"},"content":{"rendered":"\n<p>\u017divjo! Sem Nika Virant, 18-letna dijakinja iz Ljubljane. Kot obi\u010dajna najstnica seveda \u017ee leta obiskujem \u0161olo, kjer \u0161irim svoja obzorja. \u010ceprav sem se dobro odrezala pri razli\u010dnih predmetih in posledi\u010dno imela odli\u010dne zaklju\u010dne ocene na spri\u010devalu, mi to ni nikdar dalo ob\u010dutka izpopolnjenosti. Kljub temu, da sem zelo radovedna in vedo\u017eeljna oseba, nisem nikoli pokazala ve\u010djega zanimanja za katerikoli dolo\u010den predmet. Poskusila sem tudi sodelovati v \u0161tevilnih ob\u0161olskih dejavnostih, vendar nisem mogla najti tiste, v kateri bi zares u\u017eivala in se ji \u017eelela popolnoma posvetiti.<\/p>\n\n\n\n<p>Postopoma sem, zahvaljujo\u010d internetu in dru\u017ebenim omre\u017ejem, zasledila vedno ve\u010d uspe\u0161nih zgodb novih podjetnikov, nasvete, kako pametno investirati svoj denar, nekatere najbolj sme\u0161ne primere s sodi\u0161\u010d, in podobno vsebino. Za\u010dela sem se bolj poglabljati v tovrstne teme in nedolgo zatem sem ugotovila, da imam veliko veselje za podjetni\u0161tvo, finance in pravo. Kon\u010dno sem na\u0161la nekaj, kar je pritegnilo moje zanimanje, nisem pa si \u017eelela le novih znanj, ampak sem \u017eelela postati del tega. Ker nisem na\u0161la nobenega kluba ali organizacije, ki bi se osredoto\u010dala na ta tri strokovna podro\u010dja, je moja ustvarjalna du\u0161a sanjala, da bi sama ustvarila nekaj novega. Dokaj v dvomih in ne popolnoma sigurna, v kaj sem se spu\u0161\u010dala, sem se odlo\u010dila svoje sanje obrniti v realnost, narediti prvi korak na svoji poti in se podati na drzno avanturo.<\/p>\n\n\n\n<p>Po izzivov polnih mesecih razmi\u0161ljanja, izbiranja imena, ve\u010durnega pisanja, postavljanja spletne strani in prejemanja ogromno podpore s strani dru\u017eine in prijateljev, vam kon\u010dno lahko s ponosom predstavim <strong>Ms. Demystify<\/strong>, kjer zdru\u017eujem svoje neskon\u010dno zanimanje, ideje in svoj pogled na svet, in nato rezultat delim z vami.<\/p>\n\n\n\n<p>\u010ce \u017eelite z mano stopiti v stik, mi lahko po\u0161ljete sporo\u010dilo na moj\/-o:<\/p>\n\n\n\n<ul class=\"wp-block-list\"><li>email naslov: <a href=\"mailto:info@msdemystify.com\">info@msdemystify.com<\/a><\/li><li>Instagram ra\u010dun: <a href=\"https:\/\/instagram.com\/ms.demystify\">ms.demystify<\/a><\/li><li>Facebook stran: <a href=\"https:\/\/www.facebook.com\/msdemystify\">msdemystify<\/a><\/li><\/ul>\n\n\n\n<p>Najlep\u0161e se vam zahvaljujem za branje mojih \u010dlankov in upam, da tudi vam uspe razkriti veselje do ne\u010desa novega!<\/p>\n","protected":false},"excerpt":{"rendered":"<p>\u017divjo! Sem Nika Virant, 18-letna dijakinja iz Ljubljane. Kot obi\u010dajna najstnica seveda \u017ee leta obiskujem \u0161olo, kjer \u0161irim svoja obzorja. \u010ceprav sem se dobro odrezala pri razli\u010dnih predmetih in posledi\u010dno imela odli\u010dne zaklju\u010dne ocene na spri\u010devalu, mi to ni nikdar dalo ob\u010dutka izpopolnjenosti. Kljub temu, da sem zelo radovedna in vedo\u017eeljna oseba, nisem nikoli pokazala ve\u010djega zanimanja za katerikoli dolo\u010den predmet. Poskusila sem tudi sodelovati v \u0161tevilnih ob\u0161olskih dejavnostih, vendar nisem mogla najti tiste, v kateri bi zares u\u017eivala in se ji \u017eelela popolnoma posvetiti. Postopoma sem, zahvaljujo\u010d internetu in dru\u017ebenim omre\u017ejem, zasledila vedno ve\u010d uspe\u0161nih zgodb novih podjetnikov, nasvete, kako pametno investirati svoj denar, nekatere najbolj sme\u0161ne primere s sodi\u0161\u010d, in podobno vsebino. Za\u010dela sem se bolj poglabljati v tovrstne teme in nedolgo zatem sem ugotovila, da imam veliko veselje za podjetni\u0161tvo, finance in pravo. Kon\u010dno sem na\u0161la nekaj, kar je pritegnilo moje zanimanje, nisem pa si \u017eelela le novih znanj, ampak sem \u017eelela postati del tega. Ker nisem na\u0161la nobenega kluba ali organizacije, ki bi se osredoto\u010dala na ta tri strokovna podro\u010dja, je moja ustvarjalna du\u0161a sanjala, da bi sama ustvarila nekaj novega. Dokaj v dvomih in ne popolnoma sigurna, v kaj sem se spu\u0161\u010dala, sem se odlo\u010dila svoje sanje obrniti v realnost, narediti prvi korak na svoji poti in se podati na drzno avanturo. Po izzivov polnih mesecih razmi\u0161ljanja, izbiranja imena, ve\u010durnega pisanja, postavljanja spletne strani in prejemanja ogromno podpore s strani dru\u017eine in prijateljev, vam kon\u010dno lahko s ponosom predstavim Ms. Demystify, kjer zdru\u017eujem svoje neskon\u010dno zanimanje, ideje in svoj pogled na svet, in nato rezultat delim z vami. \u010ce \u017eelite z mano stopiti v stik, mi lahko po\u0161ljete sporo\u010dilo na moj\/-o: email naslov: info@msdemystify.com Instagram ra\u010dun: ms.demystify Facebook stran: msdemystify Najlep\u0161e se vam zahvaljujem za branje mojih \u010dlankov in upam, da tudi vam uspe razkriti veselje do ne\u010desa novega!<\/p>\n<div class='heateorSssClear'><\/div><div  class='heateor_sss_sharing_container heateor_sss_horizontal_sharing' data-heateor-sss-href='https:\/\/msdemystify.com\/blog\/sl\/o-meni-2\/'><div class='heateor_sss_sharing_title' style=\"font-weight:bold\" ><\/div><div class=\"heateor_sss_sharing_ul\"><a aria-label=\"Instagram\" class=\"heateor_sss_button_instagram\" href=\"https:\/\/www.instagram.com\/ms.demystify\" title=\"Instagram\" rel=\"nofollow noopener\" target=\"_blank\" style=\"font-size:32px!important;box-shadow:none;display:inline-block;vertical-align:middle\"><span class=\"heateor_sss_svg\" style=\"background-color:#53beee;width:30px;height:30px;border-radius:3px;display:inline-block;opacity:1;float:left;font-size:32px;box-shadow:none;display:inline-block;font-size:16px;padding:0 4px;vertical-align:middle;background-repeat:repeat;overflow:hidden;padding:0;cursor:pointer;box-sizing:content-box\"><svg style=\"display:block;\" version=\"1.1\" viewBox=\"-10 -10 148 148\" width=\"100%\" height=\"100%\" xml:space=\"preserve\" xmlns=\"http:\/\/www.w3.org\/2000\/svg\" xmlns:xlink=\"http:\/\/www.w3.org\/1999\/xlink\"><g><g><path d=\"M86,112H42c-14.336,0-26-11.663-26-26V42c0-14.337,11.664-26,26-26h44c14.337,0,26,11.663,26,26v44 C112,100.337,100.337,112,86,112z M42,24c-9.925,0-18,8.074-18,18v44c0,9.925,8.075,18,18,18h44c9.926,0,18-8.075,18-18V42 c0-9.926-8.074-18-18-18H42z\" fill=\"#FFFFFF\"><\/path><\/g><g><path d=\"M64,88c-13.234,0-24-10.767-24-24c0-13.234,10.766-24,24-24s24,10.766,24,24C88,77.233,77.234,88,64,88z M64,48c-8.822,0-16,7.178-16,16s7.178,16,16,16c8.822,0,16-7.178,16-16S72.822,48,64,48z\" fill=\"#FFFFFF\"><\/path><\/g><g><circle cx=\"89.5\" cy=\"38.5\" fill=\"#FFFFFF\" r=\"5.5\"><\/circle><\/g><\/g><\/svg><\/span><\/a><a aria-label=\"Facebook\" class=\"heateor_sss_facebook\" href=\"https:\/\/www.facebook.com\/sharer\/sharer.php?u=https%3A%2F%2Fmsdemystify.com%2Fblog%2F%3Fp%3D321\" title=\"Facebook\" rel=\"nofollow noopener\" target=\"_blank\" style=\"font-size:32px!important;box-shadow:none;display:inline-block;vertical-align:middle\"><span class=\"heateor_sss_svg\" style=\"background-color:#0765FE;width:30px;height:30px;border-radius:3px;display:inline-block;opacity:1;float:left;font-size:32px;box-shadow:none;display:inline-block;font-size:16px;padding:0 4px;vertical-align:middle;background-repeat:repeat;overflow:hidden;padding:0;cursor:pointer;box-sizing:content-box\"><svg style=\"display:block;\" focusable=\"false\" aria-hidden=\"true\" xmlns=\"http:\/\/www.w3.org\/2000\/svg\" width=\"100%\" height=\"100%\" viewBox=\"0 0 32 32\"><path fill=\"#FFFFFF\" d=\"M28 16c0-6.627-5.373-12-12-12S4 9.373 4 16c0 5.628 3.875 10.35 9.101 11.647v-7.98h-2.474V16H13.1v-1.58c0-4.085 1.849-5.978 5.859-5.978.76 0 2.072.15 2.608.298v3.325c-.283-.03-.775-.045-1.386-.045-1.967 0-2.728.745-2.728 2.683V16h3.92l-.673 3.667h-3.247v8.245C23.395 27.195 28 22.135 28 16Z\"><\/path><\/svg><\/span><\/a><a aria-label=\"Twitter\" class=\"heateor_sss_button_twitter\" href=\"http:\/\/twitter.com\/intent\/tweet?text=O%20Ms.%20Demystify&url=https%3A%2F%2Fmsdemystify.com%2Fblog%2F%3Fp%3D321\" title=\"Twitter\" rel=\"nofollow noopener\" target=\"_blank\" style=\"font-size:32px!important;box-shadow:none;display:inline-block;vertical-align:middle\"><span class=\"heateor_sss_svg heateor_sss_s__default heateor_sss_s_twitter\" style=\"background-color:#55acee;width:30px;height:30px;border-radius:3px;display:inline-block;opacity:1;float:left;font-size:32px;box-shadow:none;display:inline-block;font-size:16px;padding:0 4px;vertical-align:middle;background-repeat:repeat;overflow:hidden;padding:0;cursor:pointer;box-sizing:content-box\"><svg style=\"display:block;\" focusable=\"false\" aria-hidden=\"true\" xmlns=\"http:\/\/www.w3.org\/2000\/svg\" width=\"100%\" height=\"100%\" viewBox=\"-4 -4 39 39\"><path d=\"M28 8.557a9.913 9.913 0 0 1-2.828.775 4.93 4.93 0 0 0 2.166-2.725 9.738 9.738 0 0 1-3.13 1.194 4.92 4.92 0 0 0-3.593-1.55 4.924 4.924 0 0 0-4.794 6.049c-4.09-.21-7.72-2.17-10.15-5.15a4.942 4.942 0 0 0-.665 2.477c0 1.71.87 3.214 2.19 4.1a4.968 4.968 0 0 1-2.23-.616v.06c0 2.39 1.7 4.38 3.952 4.83-.414.115-.85.174-1.297.174-.318 0-.626-.03-.928-.086a4.935 4.935 0 0 0 4.6 3.42 9.893 9.893 0 0 1-6.114 2.107c-.398 0-.79-.023-1.175-.068a13.953 13.953 0 0 0 7.55 2.213c9.056 0 14.01-7.507 14.01-14.013 0-.213-.005-.426-.015-.637.96-.695 1.795-1.56 2.455-2.55z\" fill=\"#FFFFFF\"><\/path><\/svg><\/span><\/a><a aria-label=\"Email\" class=\"heateor_sss_email\" href=\"https:\/\/msdemystify.com\/blog\/?p=321\" onclick=\"event.preventDefault();window.open('mailto:?subject=' + decodeURIComponent('O%20Ms.%20Demystify').replace('&', '%26') + '&body=https%3A%2F%2Fmsdemystify.com%2Fblog%2F%3Fp%3D321', '_blank')\" title=\"Email\" rel=\"noopener\" style=\"font-size:32px!important;box-shadow:none;display:inline-block;vertical-align:middle\"><span class=\"heateor_sss_svg\" style=\"background-color:#649a3f;width:30px;height:30px;border-radius:3px;display:inline-block;opacity:1;float:left;font-size:32px;box-shadow:none;display:inline-block;font-size:16px;padding:0 4px;vertical-align:middle;background-repeat:repeat;overflow:hidden;padding:0;cursor:pointer;box-sizing:content-box\"><svg style=\"display:block;\" focusable=\"false\" aria-hidden=\"true\" xmlns=\"http:\/\/www.w3.org\/2000\/svg\" width=\"100%\" height=\"100%\" viewBox=\"-.75 -.5 36 36\"><path d=\"M 5.5 11 h 23 v 1 l -11 6 l -11 -6 v -1 m 0 2 l 11 6 l 11 -6 v 11 h -22 v -11\" stroke-width=\"1\" fill=\"#FFFFFF\"><\/path><\/svg><\/span><\/a><a class=\"heateor_sss_more\" title=\"More\" rel=\"nofollow noopener\" style=\"font-size: 32px!important;border:0;box-shadow:none;display:inline-block!important;font-size:16px;padding:0 4px;vertical-align: middle;display:inline;\" href=\"https:\/\/msdemystify.com\/blog\/?p=321\" onclick=\"event.preventDefault()\"><span class=\"heateor_sss_svg\" style=\"background-color:#ee8e2d;width:30px;height:30px;border-radius:3px;display:inline-block!important;opacity:1;float:left;font-size:32px!important;box-shadow:none;display:inline-block;font-size:16px;padding:0 4px;vertical-align:middle;display:inline;background-repeat:repeat;overflow:hidden;padding:0;cursor:pointer;box-sizing:content-box;\" onclick=\"heateorSssMoreSharingPopup(this, 'https:\/\/msdemystify.com\/blog\/?p=321', 'O%20Ms.%20Demystify', '' )\"><svg xmlns=\"http:\/\/www.w3.org\/2000\/svg\" xmlns:xlink=\"http:\/\/www.w3.org\/1999\/xlink\" viewBox=\"-.3 0 32 32\" version=\"1.1\" width=\"100%\" height=\"100%\" style=\"display:block;\" xml:space=\"preserve\"><g><path fill=\"#FFFFFF\" d=\"M18 14V8h-4v6H8v4h6v6h4v-6h6v-4h-6z\" fill-rule=\"evenodd\"><\/path><\/g><\/svg><\/span><\/a><\/div><div class=\"heateorSssClear\"><\/div><\/div><div class='heateorSssClear'><\/div>","protected":false},"author":2,"featured_media":0,"parent":0,"menu_order":0,"comment_status":"closed","ping_status":"closed","template":"","meta":{"footnotes":""},"class_list":["post-321","page","type-page","status-publish","hentry"],"acf":[],"_links":{"self":[{"href":"https:\/\/msdemystify.com\/blog\/wp-json\/wp\/v2\/pages\/321"}],"collection":[{"href":"https:\/\/msdemystify.com\/blog\/wp-json\/wp\/v2\/pages"}],"about":[{"href":"https:\/\/msdemystify.com\/blog\/wp-json\/wp\/v2\/types\/page"}],"author":[{"embeddable":true,"href":"https:\/\/msdemystify.com\/blog\/wp-json\/wp\/v2\/users\/2"}],"replies":[{"embeddable":true,"href":"https:\/\/msdemystify.com\/blog\/wp-json\/wp\/v2\/comments?post=321"}],"version-history":[{"count":11,"href":"https:\/\/msdemystify.com\/blog\/wp-json\/wp\/v2\/pages\/321\/revisions"}],"predecessor-version":[{"id":1156,"href":"https:\/\/msdemystify.com\/blog\/wp-json\/wp\/v2\/pages\/321\/revisions\/1156"}],"wp:attachment":[{"href":"https:\/\/msdemystify.com\/blog\/wp-json\/wp\/v2\/media?parent=321"}],"curies":[{"name":"wp","href":"https:\/\/api.w.org\/{rel}","templated":true}]}}